{"id":3078,"date":"2018-02-18T18:15:36","date_gmt":"2018-02-18T18:15:36","guid":{"rendered":"http:\/\/autocampmlinskipotok.com\/pocetna\/"},"modified":"2023-05-06T18:40:06","modified_gmt":"2023-05-06T18:40:06","slug":"pocetna","status":"publish","type":"page","link":"https:\/\/autocampmlinskipotok.com\/de\/","title":{"rendered":"Zuhause"},"content":{"rendered":"<section class=\"wpb-content-wrapper\"><p>[vc_row][vc_column width=&#8220;1\/2&#8243;][vc_single_image image=&#8220;2923&#8243; img_size=&#8220;full&#8220;][\/vc_column][vc_column width=&#8220;1\/2&#8243;][vc_column_text]<\/p>\n<h3>\u00dcber uns<\/h3>\n<p>Das Autocamp &#8222;Mlinski potok&#8220; ist seit 1999 ge\u00f6ffnet und befindet sich im Nationalpark Durmitor. Willkommen im Auto Camp MlinskiPotok, Ihrem ultimativen Campingziel im Herzen des Durmitor-Nationalparks.  Eingebettet in die majest\u00e4tische Bergwelt bietet unser Campingplatz ein unvergleichliches Naturerlebnis, Abenteuer und Erholung.<br \/>\nMit einem atemberaubenden Blick auf die umliegende Landschaft ist unser Campingplatz der perfekte Ort, um dem Stress des Alltags zu entfliehen und sich wieder mit der Natur zu verbinden.  Unsere Lage im Herzen des Durmitor-Nationalparks bedeutet, dass Sie Zugang zu einigen der atemberaubendsten Landschaften Europas haben, von hoch aufragenden Gipfeln und tiefen Schluchten bis hin zu ruhigen Seen und \u00fcppigen W\u00e4ldern.<br \/>\nBei Auto Camp MlinskiPotok sind wir leidenschaftlich daran interessiert, eine einladende und integrative Gemeinschaft zu schaffen, die jeden umfasst, der uns besucht.  Unser freundliches und gastfreundliches Personal sorgt daf\u00fcr, dass Sie sich vom ersten Moment an wie zu Hause f\u00fchlen, und unsere Gemeinschaftsbereiche sind der perfekte Ort, um gleichgesinnte Reisende zu treffen und Geschichten und Erfahrungen auszutauschen.<br \/>\nUnser Campingplatz ist so konzipiert, dass er Ihnen alle Annehmlichkeiten bietet, die Sie f\u00fcr einen komfortablen und angenehmen Aufenthalt ben\u00f6tigen.  Wir bieten eine Reihe sauberer und gepflegter Stellpl\u00e4tze sowie saubere Toiletten und Duschen, eine Gemeinschaftsk\u00fcche und einen gem\u00fctlichen Lagerfeuerplatz, an dem Sie sich unter den Sternen entspannen und entspannen k\u00f6nnen.<br \/>\nEgal, ob Sie ein Adrenalinjunkie auf der Suche nach Abenteuern, ein Naturliebhaber auf der Suche nach Ruhe und Frieden oder einfach jemand sind, der von der Welt abschalten und neue Energie tanken m\u00f6chte, Auto Camp MlinskiPotok hat f\u00fcr jeden etwas zu bieten.  Warum also nicht kommen und die Magie unseres Campingplatzes selbst erleben?  Wir versprechen Ihnen, Sie werden nicht entt\u00e4uscht sein!<br \/>\n[\/vc_column_text][vc_btn title=&#8220;LESEN SIE MEHR&#8220; style=&#8220;custom&#8220; custom_background=&#8220;#659a07&#8243; custom_text=&#8220;#ffffff&#8220; shape=&#8220;square&#8220; link=&#8220;url:http%3A%2F%2Fautocampmlinskipotok.com%2Fde%2Fueber-uns%2F|||&#8220;][\/vc_column][\/vc_row][vc_row][vc_column][\/vc_column][\/vc_row][vc_row parallax=&#8220;content-moving&#8220; parallax_image=&#8220;2971&#8243; parallax_speed_bg=&#8220;1.7&#8243; css=&#8220;.vc_custom_1543306397545{padding-top: 40px !important;padding-bottom: 50px !important;}&#8220;][vc_column][vc_column_text]<\/p>\n<h2 style=\"text-align: center;\"><span style=\"color: #ffffff;\">AUTO CAMP MLINSKI POTOK<\/span><\/h2>\n<p style=\"text-align: center;\"><span style=\"color: #ffffff;\"><span style=\"font-size: 19px;\">Auto Camp Mlinski Potok bietet Ihnen eine angenehme Atmosph\u00e4re<br \/>\nf\u00fcr Top-Camping.<\/span><\/span><\/p>\n<p>[\/vc_column_text][vc_btn title=&#8220;Preisliste&#8220; style=&#8220;custom&#8220; custom_background=&#8220;#659a07&#8243; custom_text=&#8220;#ffffff&#8220; shape=&#8220;square&#8220; align=&#8220;center&#8220; link=&#8220;url:http%3A%2F%2Fautocampmlinskipotok.com%2Fen%2Fprice-list%2F|||&#8220;][\/vc_column][\/vc_row][vc_row][vc_column][vc_column_text]<div class=\"divider type_3\"><\/div>[\/vc_column_text][\/vc_column][\/vc_row][vc_row][vc_column][vc_column_text]<\/p>\n<h3 style=\"text-align: center;\"><img decoding=\"async\" loading=\"lazy\" class=\"alignnone size-full wp-image-2537 aligncenter\" src=\"http:\/\/autocampmlinskipotok.com\/wp-content\/uploads\/2018\/02\/karavan.png\" alt=\"\" width=\"50\" height=\"43\">&nbsp;Galerije<\/h3>\n<p>[\/vc_column_text][\/vc_column][\/vc_row][vc_row][vc_column][vc_gallery type=&#8220;image_grid&#8220; images=&#8220;2985,2984,2983,2982,2981,2980,2979,2978,2977,2976,2975,2974&#8243;][\/vc_column][\/vc_row]<\/p>\n<\/section>","protected":false},"excerpt":{"rendered":"<p>[vc_row][vc_column width=&#8220;1\/2&#8243;][vc_single_image image=&#8220;2923&#8243; img_size=&#8220;full&#8220;][\/vc_column][vc_column width=&#8220;1\/2&#8243;][vc_column_text] \u00dcber uns Das Autocamp &#8222;Mlinski potok&#8220; ist seit 1999 ge\u00f6ffnet und befindet sich im Nationalpark Durmitor. Willkommen im Auto Camp MlinskiPotok, Ihrem ultimativen Campingziel im Herzen des Durmitor-Nationalparks. Eingebettet in die majest\u00e4tische Bergwelt bietet &hellip; <\/p>\n<p><a href=\"https:\/\/autocampmlinskipotok.com\/de\/\" class=\"read_more_link\">Read more<\/a><\/p>\n","protected":false},"author":4,"featured_media":0,"parent":0,"menu_order":0,"comment_status":"open","ping_status":"closed","template":"","meta":{"ngg_post_thumbnail":0},"aioseo_notices":[],"_links":{"self":[{"href":"https:\/\/autocampmlinskipotok.com\/de\/wp-json\/wp\/v2\/pages\/3078"}],"collection":[{"href":"https:\/\/autocampmlinskipotok.com\/de\/wp-json\/wp\/v2\/pages"}],"about":[{"href":"https:\/\/autocampmlinskipotok.com\/de\/wp-json\/wp\/v2\/types\/page"}],"author":[{"embeddable":true,"href":"https:\/\/autocampmlinskipotok.com\/de\/wp-json\/wp\/v2\/users\/4"}],"replies":[{"embeddable":true,"href":"https:\/\/autocampmlinskipotok.com\/de\/wp-json\/wp\/v2\/comments?post=3078"}],"version-history":[{"count":7,"href":"https:\/\/autocampmlinskipotok.com\/de\/wp-json\/wp\/v2\/pages\/3078\/revisions"}],"predecessor-version":[{"id":3433,"href":"https:\/\/autocampmlinskipotok.com\/de\/wp-json\/wp\/v2\/pages\/3078\/revisions\/3433"}],"wp:attachment":[{"href":"https:\/\/autocampmlinskipotok.com\/de\/wp-json\/wp\/v2\/media?parent=3078"}],"curies":[{"name":"wp","href":"https:\/\/api.w.org\/{rel}","templated":true}]}}