{"id":3068,"date":"2012-07-31T12:52:29","date_gmt":"2012-07-31T12:52:29","guid":{"rendered":"http:\/\/autocampmlinskipotok.com\/about-us\/"},"modified":"2019-03-05T12:41:15","modified_gmt":"2019-03-05T12:41:15","slug":"ueber-uns","status":"publish","type":"page","link":"https:\/\/autocampmlinskipotok.com\/de\/ueber-uns\/","title":{"rendered":"\u00fcber uns"},"content":{"rendered":"<section class=\"wpb-content-wrapper\"><p>[vc_row el_id=&#8220;campingmaslina&#8220;][vc_column width=&#8220;1\/2&#8243;][vc_single_image image=&#8220;2945&#8243; img_size=&#8220;full&#8220;][\/vc_column][vc_column width=&#8220;1\/2&#8243;][vc_column_text]<\/p>\n<h3>AUTO CAMP MLINSKI POTOK<\/h3>\n<p>Das Autocamp &#8222;Mlinski potok&#8220; ist seit 1999 ge\u00f6ffnet und befindet sich im Nationalpark Durmitor. Es liegt auf einer H\u00f6he von 1472m, vom Stadtzentrum sind es 2 km, 15 Minuten vom Camp entfernt gibt es ein bekanntes Ziel f\u00fcr &#8222;Black Lake&#8220;. Alle Wanderwege f\u00fchren vom Camp aus zu den Gipfeln der Bergkette. Das Lager liegt in einem Naturschutzgebiet und besitzt die maximale Ruhe f\u00fcr die Augen.<\/p>\n<p>&nbsp;[\/vc_column_text][\/vc_column][\/vc_row][vc_row][vc_column][vc_column_text]<div class=\"divider type_3\"><\/div>[\/vc_column_text][\/vc_column][\/vc_row][vc_row el_id=&#8220;onama&#8220;][vc_column width=&#8220;1\/2&#8243;][vc_column_text]Das Autocamp &#8222;Mlinski potok&#8220; verf\u00fcgt \u00fcber 1.000 Quadratmeter Fl\u00e4che zum Zelten. Es verf\u00fcgt \u00fcber Toiletten, Duschen mit Warmwasser, Selbstbedienungsk\u00fcche, Wasch- und Aufbewahrungsraum f\u00fcr Geschirr. F\u00fcr Mobilheime sind spezielle Anschl\u00fcsse f\u00fcr Strom und sanit\u00e4re Anlagen zur Entsorgung von Abwasser vorgesehen. Im Camp kann gebucht werden: F\u00fchrungen rund um Durmitor, Jeep-Safari, Rafting, Reiten, Seilrutsche. Bei der Ankunft im Camp erwarten Sie eine herzliche Begr\u00fc\u00dfung von der Familie und Verkostung von traditionellem Alkohol, der als &#8222;Pflaumenbrand&#8220; bekannt ist.[\/vc_column_text][vc_row_inner][vc_column_inner width=&#8220;1\/3&#8243;][vc_single_image image=&#8220;2527&#8243; img_size=&#8220;122&#215;137&#8243;][\/vc_column_inner][vc_column_inner width=&#8220;1\/3&#8243;][vc_single_image image=&#8220;2526&#8243; img_size=&#8220;126&#215;140&#8243;][\/vc_column_inner][vc_column_inner width=&#8220;1\/3&#8243;][\/vc_column_inner][\/vc_row_inner][\/vc_column][vc_column width=&#8220;1\/2&#8243;][vc_single_image image=&#8220;2946&#8243; img_size=&#8220;full&#8220;][\/vc_column][\/vc_row]<\/p>\n<\/section>","protected":false},"excerpt":{"rendered":"<p>[vc_row el_id=&#8220;campingmaslina&#8220;][vc_column width=&#8220;1\/2&#8243;][vc_single_image image=&#8220;2945&#8243; img_size=&#8220;full&#8220;][\/vc_column][vc_column width=&#8220;1\/2&#8243;][vc_column_text] AUTO CAMP MLINSKI POTOK Das Autocamp &#8222;Mlinski potok&#8220; ist seit 1999 ge\u00f6ffnet und befindet sich im Nationalpark Durmitor. Es liegt auf einer H\u00f6he von 1472m, vom Stadtzentrum sind es 2 km, 15 Minuten &hellip; <\/p>\n<p><a href=\"https:\/\/autocampmlinskipotok.com\/de\/ueber-uns\/\" class=\"read_more_link\">Read more<\/a><\/p>\n","protected":false},"author":4,"featured_media":0,"parent":0,"menu_order":0,"comment_status":"open","ping_status":"closed","template":"","meta":{"ngg_post_thumbnail":0},"aioseo_notices":[],"_links":{"self":[{"href":"https:\/\/autocampmlinskipotok.com\/de\/wp-json\/wp\/v2\/pages\/3068"}],"collection":[{"href":"https:\/\/autocampmlinskipotok.com\/de\/wp-json\/wp\/v2\/pages"}],"about":[{"href":"https:\/\/autocampmlinskipotok.com\/de\/wp-json\/wp\/v2\/types\/page"}],"author":[{"embeddable":true,"href":"https:\/\/autocampmlinskipotok.com\/de\/wp-json\/wp\/v2\/users\/4"}],"replies":[{"embeddable":true,"href":"https:\/\/autocampmlinskipotok.com\/de\/wp-json\/wp\/v2\/comments?post=3068"}],"version-history":[{"count":2,"href":"https:\/\/autocampmlinskipotok.com\/de\/wp-json\/wp\/v2\/pages\/3068\/revisions"}],"predecessor-version":[{"id":3070,"href":"https:\/\/autocampmlinskipotok.com\/de\/wp-json\/wp\/v2\/pages\/3068\/revisions\/3070"}],"wp:attachment":[{"href":"https:\/\/autocampmlinskipotok.com\/de\/wp-json\/wp\/v2\/media?parent=3068"}],"curies":[{"name":"wp","href":"https:\/\/api.w.org\/{rel}","templated":true}]}}